{"id":45,"date":"2013-12-13T23:03:02","date_gmt":"2013-12-13T21:03:02","guid":{"rendered":"http:\/\/www.devonrex.ee\/?page_id=45"},"modified":"2016-02-21T13:54:05","modified_gmt":"2016-02-21T11:54:05","slug":"devon-rexist","status":"publish","type":"page","link":"https:\/\/www.devonrex.ee\/?page_id=45","title":{"rendered":"Devon Rex"},"content":{"rendered":"<p><a href=\"http:\/\/www.devonrex.ee\/wp-content\/uploads\/2013\/12\/IMG_5059.jpg\" data-rel=\"lightbox-gallery-ZRaJSQq6\" data-rl_title=\"\" data-rl_caption=\"\" title=\"\"><img loading=\"lazy\" decoding=\"async\" class=\"size-medium wp-image-170 alignleft\" alt=\"IMG_5059\" src=\"http:\/\/www.devonrex.ee\/wp-content\/uploads\/2013\/12\/IMG_5059-290x220.jpg\" width=\"290\" height=\"220\" \/><br \/>\n<\/a><\/p>\n<p>Esimene Devon avastati Devonis, Inglismaal. Avastajaks Beryl Cox ja esimese kassi nimi oli KIrlee. Kirlee s\u00fcndis 1959 t\u00e4navakassi j\u00e4rglasena tavalise kodukassi pesakonda, kus ta oli ainud lokkis karvaga poeg. Alguses seostati teda Cornsh Rexidega, kuid peagi avastati, et tegu on eraldiseisva t\u00f5uga, kuna lokke karvas p\u00f5hjustab teine geenimutatsioon. Lisaks lokkis karvale teeb devonite karvkatte haruldaseks ka asjaolu, et neil on minimaalselt pealiskarva.<\/p>\n<p>Devoneid kutsutakse tihti erinevate muinasjutu- ja fantaasiategelaste j\u00e4rgi, haldjakassideks, tulnukas-kassideks,\u00a0 p\u00e4kapikukassideks jms. See tuleneb nende v\u00e4limusest. Nad m\u00f5juvad muinasjutuliselt t\u00e4nu oma ebatavaliselt suurtele madalal asetsevateke k\u00f5rvadele, suurtele silmadele, l\u00fchikesele ninale, mis on tihti kergelt \u00fcles p\u00f6\u00f6ratud. Vurrud on neil tihti v\u00e4ga l\u00fchikesed ja j\u00e4tavad murdunud mulje. Kehalt on nad kerged ja sihvakad, jalad on pikad ja tugevad.\u00a0 Karvkate on neil lokkis, m\u00f5nel v\u00e4hem, m\u00f5nel rohkem. Kaalult on nad 2,5-5 kg. Isased suuremad, emased v\u00e4iksemad. Keskmine kaal on 3,5-4 kg.<\/p>\n<p>Iseloomult on t\u00fc\u00fcpiline devon aktiivne, m\u00e4nguline ja v\u00e4ga inimlembeline. Neid v\u00f5rreldakse kombinatsiooniga kassist, koerast\u00a0 ja ahvist. Nad on head h\u00fcppajad ja ronijad, armastavad turnida k\u00f5rgustesse ja pugeda ka k\u00f5ige v\u00e4iksematesse kohtadesse, mis neid mahutavad. N\u00e4iteks magavad teleka \u00e4\u00e4rtel, radiaatoritel, pesukorvides, kappides jms.\u00a0 Samuti on nad meeletult soojalembelised, armastavad magada k\u00fcttekollete l\u00e4heduses, p\u00e4evitada p\u00e4ikese k\u00e4es, saunas k\u00e4ia, teki alla kaissu tulla.<\/p>\n<p>Paljud devonid valivad peres oma lemmikinimese, kellele l\u00e4bi elu oma armastuse p\u00fchendavad. \u00a0Nad armastavad v\u00e4ga seltskoda ja p\u00fc\u00fcavad paljusid tegevusi teha koos inimestega. K\u00e4ivad j\u00e4rel ja p\u00fc\u00fcavad igal v\u00f5imalusel l\u00e4hedust otsida. Armastavad magada inimese kaela l\u00e4hedal v\u00f5i istuda \u00f5lal. Ka on nad \u00fcpriski jutukad, \u00f5nneks mitte valjuh\u00e4\u00e4lsed.<\/p>\n<p>Devoneid peetakse ka \u00fcheks intelligentsemaks kassit\u00f5uks,\u00a0 neile on v\u00f5imalik \u00f5petada mitmeid trikke, rihma otsas jalutamist, asjade \u00e4ratoomism\u00e4nge jms. Samas on nad ka v\u00e4ga leidlikud p\u00e4ttuste tegemisel, nagu asjade varastamine ja m\u00f6\u00f6da elamist vedamine, kapi ja toauste avamine, toidu varastamine. Toit on devonitel kinnisidee. Nad s\u00f6\u00f6ks k\u00f5ike, mida k\u00e4tte saavad.<\/p>\n<p>Devon Rexe peetakse allergiavabadeks kassideks oma karvat\u00fc\u00fcbi poolest ning\u00a0 v\u00e4hema arvu allergiat tekitava proteiini sisalduse poolest s\u00fcljes. \u00a0V\u00e4hem allergiat tekitavaid kassit\u00f5uge on kokku k\u00fcmmekond.<\/p>\n<p>Devonite hooldus on lihtne.\u00a0 Karva ajavad nad minimaalselt. Regulaarset kammimist, kavahooldust vms nad ei vaja, k\u00fcll tuleb puhastada igan\u00e4dalaselt k\u00f5rvu ja silmi ning arvestada, et nad on k\u00fclmakartlikud. Kuna devonite karv v\u00f5ib v\u00e4lja areneda mitu aastat, siis meie k\u00fclmadel talvedel v\u00f5ib m\u00f5ni neist vajada vesti ja kindlasti talvel transportides peavad nad kaetud olema tekiga. Eluiga on neil pikk, kuni 20 aastat. Allergiaid ja terviseprobleeme esineb v\u00e4he. Kastraadid v\u00f5ivad kippuda end paksuks s\u00f6\u00f6ma, sel juhul tuleb toidukoguseid j\u00e4lgida.<\/p>\n<p>&nbsp;<\/p>\n","protected":false},"excerpt":{"rendered":"<p>Esimene Devon avastati Devonis, Inglismaal. Avastajaks Beryl Cox ja esimese kassi nimi oli KIrlee. Kirlee s\u00fcndis 1959 t\u00e4navakassi j\u00e4rglasena tavalise kodukassi pesakonda, kus ta oli ainud lokkis karvaga poeg. Alguses seostati teda Cornsh Rexidega, kuid peagi avastati, et tegu on eraldiseisva t\u00f5uga, kuna lokke karvas p\u00f5hjustab teine geenimutatsioon. Lisaks lokkis karvale teeb devonite karvkatte haruldaseks<\/p>\n","protected":false},"author":1,"featured_media":0,"parent":0,"menu_order":0,"comment_status":"open","ping_status":"open","template":"","meta":{"footnotes":""},"class_list":["post-45","page","type-page","status-publish","hentry"],"_links":{"self":[{"href":"https:\/\/www.devonrex.ee\/index.php?rest_route=\/wp\/v2\/pages\/45","targetHints":{"allow":["GET"]}}],"collection":[{"href":"https:\/\/www.devonrex.ee\/index.php?rest_route=\/wp\/v2\/pages"}],"about":[{"href":"https:\/\/www.devonrex.ee\/index.php?rest_route=\/wp\/v2\/types\/page"}],"author":[{"embeddable":true,"href":"https:\/\/www.devonrex.ee\/index.php?rest_route=\/wp\/v2\/users\/1"}],"replies":[{"embeddable":true,"href":"https:\/\/www.devonrex.ee\/index.php?rest_route=%2Fwp%2Fv2%2Fcomments&post=45"}],"version-history":[{"count":5,"href":"https:\/\/www.devonrex.ee\/index.php?rest_route=\/wp\/v2\/pages\/45\/revisions"}],"predecessor-version":[{"id":334,"href":"https:\/\/www.devonrex.ee\/index.php?rest_route=\/wp\/v2\/pages\/45\/revisions\/334"}],"wp:attachment":[{"href":"https:\/\/www.devonrex.ee\/index.php?rest_route=%2Fwp%2Fv2%2Fmedia&parent=45"}],"curies":[{"name":"wp","href":"https:\/\/api.w.org\/{rel}","templated":true}]}}