{"id":47,"date":"2013-12-13T23:03:36","date_gmt":"2013-12-13T21:03:36","guid":{"rendered":"http:\/\/www.devonrex.ee\/?page_id=47"},"modified":"2023-08-22T17:49:11","modified_gmt":"2023-08-22T15:49:11","slug":"kassipojad","status":"publish","type":"page","link":"https:\/\/www.devonrex.ee\/?page_id=47","title":{"rendered":"Kassipojad"},"content":{"rendered":"<p>Hetkel on pakkuda kaks\u00a0kassipoega.<\/p>\n<p><a href=\"http:\/\/www.devonrex.ee\/wp-content\/uploads\/2023\/08\/H-poiss.jpg\" data-rel=\"lightbox-gallery-2WuQzBD9\" data-rl_title=\"\" data-rl_caption=\"\" title=\"\"><img loading=\"lazy\" decoding=\"async\" class=\"alignleft size-medium wp-image-694\" src=\"http:\/\/www.devonrex.ee\/wp-content\/uploads\/2023\/08\/H-poiss-225x300.jpg\" alt=\"H poiss\" width=\"225\" height=\"300\" srcset=\"https:\/\/www.devonrex.ee\/wp-content\/uploads\/2023\/08\/H-poiss-225x300.jpg 225w, https:\/\/www.devonrex.ee\/wp-content\/uploads\/2023\/08\/H-poiss-768x1024.jpg 768w, https:\/\/www.devonrex.ee\/wp-content\/uploads\/2023\/08\/H-poiss.jpg 1536w\" sizes=\"auto, (max-width: 225px) 100vw, 225px\" \/><\/a><\/p>\n<p>&nbsp;<\/p>\n<p>Heinz Masterpiece. S\u00fcndinud juunis 2023. V\u00e4ga aktiivne ja s\u00f5bralik poiss, sobib laste ja teiste loomadega, kodulemmikuks.<\/p>\n<p>&nbsp;<\/p>\n<p>&nbsp;<\/p>\n<p>&nbsp;<\/p>\n<p>&nbsp;<\/p>\n<p>&nbsp;<\/p>\n<p>&nbsp;<\/p>\n<p>&nbsp;<\/p>\n<p><a href=\"http:\/\/www.devonrex.ee\/wp-content\/uploads\/2022\/01\/2O8A4025.jpg\" data-rel=\"lightbox-gallery-2WuQzBD9\" data-rl_title=\"\" data-rl_caption=\"\" title=\"\"><img loading=\"lazy\" decoding=\"async\" class=\"alignleft size-medium wp-image-657\" src=\"http:\/\/www.devonrex.ee\/wp-content\/uploads\/2022\/01\/2O8A4025-300x210.jpg\" alt=\"2O8A4025\" width=\"300\" height=\"210\" srcset=\"https:\/\/www.devonrex.ee\/wp-content\/uploads\/2022\/01\/2O8A4025-300x210.jpg 300w, https:\/\/www.devonrex.ee\/wp-content\/uploads\/2022\/01\/2O8A4025-768x538.jpg 768w, https:\/\/www.devonrex.ee\/wp-content\/uploads\/2022\/01\/2O8A4025-1024x717.jpg 1024w, https:\/\/www.devonrex.ee\/wp-content\/uploads\/2022\/01\/2O8A4025.jpg 1100w\" sizes=\"auto, (max-width: 300px) 100vw, 300px\" \/><\/a> <a href=\"http:\/\/www.devonrex.ee\/wp-content\/uploads\/2022\/01\/2O8A4044.jpg\" data-rel=\"lightbox-gallery-2WuQzBD9\" data-rl_title=\"\" data-rl_caption=\"\" title=\"\"><img loading=\"lazy\" decoding=\"async\" class=\"alignleft size-medium wp-image-661\" src=\"http:\/\/www.devonrex.ee\/wp-content\/uploads\/2022\/01\/2O8A4044-300x220.jpg\" alt=\"2O8A4044\" width=\"300\" height=\"220\" srcset=\"https:\/\/www.devonrex.ee\/wp-content\/uploads\/2022\/01\/2O8A4044-300x220.jpg 300w, https:\/\/www.devonrex.ee\/wp-content\/uploads\/2022\/01\/2O8A4044-768x563.jpg 768w, https:\/\/www.devonrex.ee\/wp-content\/uploads\/2022\/01\/2O8A4044-1024x751.jpg 1024w, https:\/\/www.devonrex.ee\/wp-content\/uploads\/2022\/01\/2O8A4044.jpg 1100w\" sizes=\"auto, (max-width: 300px) 100vw, 300px\" \/><\/a><\/p>\n<p>IC Nolan Masterpiece + Zelda Ackacia, dets 2022 s\u00fcndinud pesakond. Pesakonnast on veel pakkuda 1 punane mask poiss poiss, kes on valmis uude kodusse minema.<\/p>\n<p>&nbsp;<\/p>\n<p>&nbsp;<\/p>\n<p><a href=\"http:\/\/www.devonrex.ee\/wp-content\/uploads\/2023\/06\/Damian.jpg\" data-rel=\"lightbox-gallery-2WuQzBD9\" data-rl_title=\"\" data-rl_caption=\"\" title=\"\"><img loading=\"lazy\" decoding=\"async\" class=\"alignleft size-medium wp-image-686\" src=\"http:\/\/www.devonrex.ee\/wp-content\/uploads\/2023\/06\/Damian-225x300.jpg\" alt=\"Damian\" width=\"225\" height=\"300\" srcset=\"https:\/\/www.devonrex.ee\/wp-content\/uploads\/2023\/06\/Damian-225x300.jpg 225w, https:\/\/www.devonrex.ee\/wp-content\/uploads\/2023\/06\/Damian-768x1024.jpg 768w, https:\/\/www.devonrex.ee\/wp-content\/uploads\/2023\/06\/Damian.jpg 1125w\" sizes=\"auto, (max-width: 225px) 100vw, 225px\" \/><\/a><\/p>\n<p>&nbsp;<\/p>\n<p>&nbsp;<\/p>\n<p>Damian Masterpiece, saadaval kodulemmikuks. Rahuliku loomuga s\u00f5bralik poiss.<\/p>\n<p>&nbsp;<\/p>\n<p>&nbsp;<\/p>\n<p>&nbsp;<\/p>\n<p>&nbsp;<\/p>\n<p>&nbsp;<\/p>\n<p>&nbsp;<\/p>\n<p>&nbsp;<\/p>\n<p>&nbsp;<\/p>\n<p>Lisaks on sel aastal minemas aretusest v\u00e4lja m\u00f5ni t\u00e4iskasvanud kass. T\u00e4iskasvanud kassi\u00a0 huvist v\u00f5i soovist pakkuda aretuskodu m\u00f5nele aretuskassile, anna samuti teada allolevatel andmetel.<\/p>\n<p>&nbsp;<\/p>\n<p>&nbsp;<\/p>\n<p><strong><a href=\"http:\/\/www.devonrex.ee\/wp-content\/uploads\/2013\/12\/Elliot.jpg\" data-rel=\"lightbox-gallery-2WuQzBD9\" data-rl_title=\"\" data-rl_caption=\"\" title=\"\">\u00a0<\/a><\/strong><\/p>\n<p>&nbsp;<\/p>\n<p>&nbsp;<\/p>\n<p><strong><a href=\"mailto:masterpiececattery@gmail.com\">masterpiececattery@gmail.com<\/a> v\u00f5i helistada +372\u00a05065 709<\/strong><\/p>\n<p>&nbsp;<\/p>\n<p>&nbsp;<\/p>\n<p>&nbsp;<\/p>\n","protected":false},"excerpt":{"rendered":"<p>Hetkel on pakkuda kaks\u00a0kassipoega. &nbsp; Heinz Masterpiece. S\u00fcndinud juunis 2023. V\u00e4ga aktiivne ja s\u00f5bralik poiss, sobib laste ja teiste loomadega, kodulemmikuks. &nbsp; &nbsp; &nbsp; &nbsp; &nbsp; &nbsp; &nbsp; IC Nolan Masterpiece + Zelda Ackacia, dets 2022 s\u00fcndinud pesakond. Pesakonnast on veel pakkuda 1 punane mask poiss poiss, kes on valmis uude kodusse minema. &nbsp; &nbsp;<\/p>\n","protected":false},"author":1,"featured_media":0,"parent":0,"menu_order":0,"comment_status":"open","ping_status":"open","template":"","meta":{"footnotes":""},"class_list":["post-47","page","type-page","status-publish","hentry"],"_links":{"self":[{"href":"https:\/\/www.devonrex.ee\/index.php?rest_route=\/wp\/v2\/pages\/47","targetHints":{"allow":["GET"]}}],"collection":[{"href":"https:\/\/www.devonrex.ee\/index.php?rest_route=\/wp\/v2\/pages"}],"about":[{"href":"https:\/\/www.devonrex.ee\/index.php?rest_route=\/wp\/v2\/types\/page"}],"author":[{"embeddable":true,"href":"https:\/\/www.devonrex.ee\/index.php?rest_route=\/wp\/v2\/users\/1"}],"replies":[{"embeddable":true,"href":"https:\/\/www.devonrex.ee\/index.php?rest_route=%2Fwp%2Fv2%2Fcomments&post=47"}],"version-history":[{"count":5,"href":"https:\/\/www.devonrex.ee\/index.php?rest_route=\/wp\/v2\/pages\/47\/revisions"}],"predecessor-version":[{"id":700,"href":"https:\/\/www.devonrex.ee\/index.php?rest_route=\/wp\/v2\/pages\/47\/revisions\/700"}],"wp:attachment":[{"href":"https:\/\/www.devonrex.ee\/index.php?rest_route=%2Fwp%2Fv2%2Fmedia&parent=47"}],"curies":[{"name":"wp","href":"https:\/\/api.w.org\/{rel}","templated":true}]}}