{"id":51,"date":"2013-12-13T23:04:34","date_gmt":"2013-12-13T21:04:34","guid":{"rendered":"http:\/\/www.devonrex.ee\/?page_id=51"},"modified":"2024-05-10T10:54:37","modified_gmt":"2024-05-10T08:54:37","slug":"pesakond-y","status":"publish","type":"page","link":"https:\/\/www.devonrex.ee\/?page_id=51","title":{"rendered":"Kassipojad m\u00fc\u00fcgis"},"content":{"rendered":"<p>Meil on pakkuda kolm imearmast poissi kombinatsioonist Lotus Masterpiece x Dracula Masterpiece.<\/p>\n<p>Huvi korral kirjuta masterpiececattery@gmail.com v\u00f5i\u00a0 instagaramis @masterpiececattery<\/p>\n<p><a href=\"http:\/\/www.devonrex.ee\/wp-content\/uploads\/2024\/05\/438238268_842606601245207_2437210324030598995_n.jpg\" data-rel=\"lightbox-gallery-RPfGkr1q\" data-rl_title=\"\" data-rl_caption=\"\" title=\"\"><img loading=\"lazy\" decoding=\"async\" class=\"alignleft size-medium wp-image-723\" src=\"http:\/\/www.devonrex.ee\/wp-content\/uploads\/2024\/05\/438238268_842606601245207_2437210324030598995_n-225x300.jpg\" alt=\"438238268_842606601245207_2437210324030598995_n\" width=\"225\" height=\"300\" srcset=\"https:\/\/www.devonrex.ee\/wp-content\/uploads\/2024\/05\/438238268_842606601245207_2437210324030598995_n-225x300.jpg 225w, https:\/\/www.devonrex.ee\/wp-content\/uploads\/2024\/05\/438238268_842606601245207_2437210324030598995_n-768x1024.jpg 768w, https:\/\/www.devonrex.ee\/wp-content\/uploads\/2024\/05\/438238268_842606601245207_2437210324030598995_n.jpg 1536w\" sizes=\"auto, (max-width: 225px) 100vw, 225px\" \/><\/a> <a href=\"http:\/\/www.devonrex.ee\/wp-content\/uploads\/2024\/05\/438221140_460712406301081_8922199373540661665_n.jpg\" data-rel=\"lightbox-gallery-RPfGkr1q\" data-rl_title=\"\" data-rl_caption=\"\" title=\"\"><img loading=\"lazy\" decoding=\"async\" class=\"alignleft size-medium wp-image-722\" src=\"http:\/\/www.devonrex.ee\/wp-content\/uploads\/2024\/05\/438221140_460712406301081_8922199373540661665_n-225x300.jpg\" alt=\"438221140_460712406301081_8922199373540661665_n\" width=\"225\" height=\"300\" srcset=\"https:\/\/www.devonrex.ee\/wp-content\/uploads\/2024\/05\/438221140_460712406301081_8922199373540661665_n-225x300.jpg 225w, https:\/\/www.devonrex.ee\/wp-content\/uploads\/2024\/05\/438221140_460712406301081_8922199373540661665_n-768x1024.jpg 768w, https:\/\/www.devonrex.ee\/wp-content\/uploads\/2024\/05\/438221140_460712406301081_8922199373540661665_n.jpg 1536w\" sizes=\"auto, (max-width: 225px) 100vw, 225px\" \/><\/a> <a href=\"http:\/\/www.devonrex.ee\/wp-content\/uploads\/2024\/05\/438237611_1163527594646548_6240040421109752537_n.jpg\" data-rel=\"lightbox-gallery-RPfGkr1q\" data-rl_title=\"\" data-rl_caption=\"\" title=\"\"><img loading=\"lazy\" decoding=\"async\" class=\"alignleft size-medium wp-image-721\" src=\"http:\/\/www.devonrex.ee\/wp-content\/uploads\/2024\/05\/438237611_1163527594646548_6240040421109752537_n-225x300.jpg\" alt=\"438237611_1163527594646548_6240040421109752537_n\" width=\"225\" height=\"300\" srcset=\"https:\/\/www.devonrex.ee\/wp-content\/uploads\/2024\/05\/438237611_1163527594646548_6240040421109752537_n-225x300.jpg 225w, https:\/\/www.devonrex.ee\/wp-content\/uploads\/2024\/05\/438237611_1163527594646548_6240040421109752537_n-768x1024.jpg 768w, https:\/\/www.devonrex.ee\/wp-content\/uploads\/2024\/05\/438237611_1163527594646548_6240040421109752537_n.jpg 1536w\" sizes=\"auto, (max-width: 225px) 100vw, 225px\" \/><\/a><\/p>\n<p>&nbsp;<\/p>\n<p>&nbsp;<\/p>\n<p>&nbsp;<\/p>\n<p>&nbsp;<\/p>\n<p>&nbsp;<\/p>\n<p>&nbsp;<\/p>\n<p>&nbsp;<\/p>\n<p>&nbsp;<\/p>\n<p>&nbsp;<\/p>\n<p>&nbsp;<\/p>\n<p>&nbsp;<\/p>\n<p>&nbsp;<\/p>\n<p>Samas otsime aegajalt kodu v\u00f5i aretuskodu\u00a0m\u00f5nele t\u00e4ikasvanud kassile. Kirjuta ja k\u00fcsi infot!<\/p>\n<p>&nbsp;<\/p>\n<p>Huvitatutel palun helistada <span class=\"baec5a81-e4d6-4674-97f3-e9220f0136c1\" style=\"white-space: nowrap;\">+372 5065 709<a style=\"margin: 0px; border: currentColor; left: 0px; top: 0px; width: 16px; height: 16px; right: 0px; bottom: 0px; overflow: hidden; vertical-align: middle; float: none; display: inline; white-space: nowrap; position: static !important;\" title=\"Call: +372 5065709\" href=\"#\"><img decoding=\"async\" style=\"margin: 0px; border: currentColor; left: 0px; top: 0px; width: 16px; height: 16px; right: 0px; bottom: 0px; overflow: hidden; vertical-align: middle; float: none; display: inline; white-space: nowrap; position: static !important;\" title=\"Call: +372 5065709\" src=\"data:image\/png;base64,iVBORw0KGgoAAAANSUhEUgAAABAAAAAQCAYAAAAf8\/9hAAAACXBIWXMAAA7EAAAOxAGVKw4bAAAAIGNIUk0AAHolAACAgwAA+f8AAIDpAAB1MAAA6mAAADqYAAAXb5JfxUYAAAKLSURBVHjadJPfS5NhFMe\/21xvuhXRyJAZroiSrJnbRdT7vrAf5HBaK5RABmEEwQIvkpZ\/QRcWXdSFw5soKaF0F7qZeLO13mGBDpQsf5CoxVKHOt0Pctp2uvEdrzG\/V+c553w\/54HnPDIiQiGpPMETABoB2AAYd9MRAMMAvGmX+RcAyAoBVJ7gZQDtABworH4AHWmX+bOMZdkjCoXiUzabvcAwzPSsob5p\/VTNY9GcdpnxdmYZ9wJThSCtCr1e\/4XjuNPd3d1KjUZzaGbI27ysqzGQoggAsLa1A7ehArrDxfDNr0oBlQB+wmKxbJFEL968SxoamsjkHaPU9l9piUo6A0RE1DG2QCWdASrpDAzJM5kMI8XecdjVxfEl+K9dxFgsgUvvR6HyBKHyBAEATyKLeGSsENuNcqk5kUjEGm7fzcYqr0ClVODl99+YXEvl6+c1amjVe+ahiGGYaUEQKnmeh91uL43rqheixjpdmzCL11er0PcjhrTLvMfUJsyKYUSeyWQ6enp6tgCgrKxsfbP8bB8AdE1G89cOReMAgOv+Cag8QXRNRkXAsDwcDr+am5tLCYKA3t7eo2dG+1vVK\/MfpRPtA+MIReMYaKj+\/xm9MiICx3EmpVL5wefzFavValis1u1vvHMkdfykCQC0kSGUTo+Ajmnx1dSC7IGD+UUCEYGIwLKsyWazrSeTSSIiMpnNf7Ttz5+ec96fr7\/VnE0mk+QfHMzV3WjcKH\/4rEr05QGFIA6HY4llWRLPRER+v3\/HYrFMFQSIkNra2tVQKJSlfcSyLO0LECFWq3XF6XRGA4HAptTsdrsXeZ6fEHtl+31nAOA4rkUulz\/I5XL63dQGgHEAN8Ph8AYA\/BsAt4ube4GblQIAAAAASUVORK5CYII=\" alt=\"\" \/><\/a>\u00a0 v\u00f5i kirjutada <a href=\"mailto:masterpiececattery@gmail.com\">masterpiececattery@gmail.com<\/a>\u00a0<\/span><\/p>\n<p>&nbsp;<\/p>\n<p>&nbsp;<\/p>\n<p>&nbsp;<\/p>\n","protected":false},"excerpt":{"rendered":"<p>Meil on pakkuda kolm imearmast poissi kombinatsioonist Lotus Masterpiece x Dracula Masterpiece. Huvi korral kirjuta masterpiececattery@gmail.com v\u00f5i\u00a0 instagaramis @masterpiececattery &nbsp; &nbsp; &nbsp; &nbsp; &nbsp; &nbsp; &nbsp; &nbsp; &nbsp; &nbsp; &nbsp; &nbsp; Samas otsime aegajalt kodu v\u00f5i aretuskodu\u00a0m\u00f5nele t\u00e4ikasvanud kassile. Kirjuta ja k\u00fcsi infot! &nbsp; Huvitatutel palun helistada +372 5065 709\u00a0 v\u00f5i kirjutada masterpiececattery@gmail.com\u00a0 &nbsp; &nbsp;<\/p>\n","protected":false},"author":1,"featured_media":0,"parent":0,"menu_order":0,"comment_status":"open","ping_status":"open","template":"","meta":{"footnotes":""},"class_list":["post-51","page","type-page","status-publish","hentry"],"_links":{"self":[{"href":"https:\/\/www.devonrex.ee\/index.php?rest_route=\/wp\/v2\/pages\/51","targetHints":{"allow":["GET"]}}],"collection":[{"href":"https:\/\/www.devonrex.ee\/index.php?rest_route=\/wp\/v2\/pages"}],"about":[{"href":"https:\/\/www.devonrex.ee\/index.php?rest_route=\/wp\/v2\/types\/page"}],"author":[{"embeddable":true,"href":"https:\/\/www.devonrex.ee\/index.php?rest_route=\/wp\/v2\/users\/1"}],"replies":[{"embeddable":true,"href":"https:\/\/www.devonrex.ee\/index.php?rest_route=%2Fwp%2Fv2%2Fcomments&post=51"}],"version-history":[{"count":5,"href":"https:\/\/www.devonrex.ee\/index.php?rest_route=\/wp\/v2\/pages\/51\/revisions"}],"predecessor-version":[{"id":729,"href":"https:\/\/www.devonrex.ee\/index.php?rest_route=\/wp\/v2\/pages\/51\/revisions\/729"}],"wp:attachment":[{"href":"https:\/\/www.devonrex.ee\/index.php?rest_route=%2Fwp%2Fv2%2Fmedia&parent=51"}],"curies":[{"name":"wp","href":"https:\/\/api.w.org\/{rel}","templated":true}]}}